{"id":718,"date":"2023-12-06T19:54:17","date_gmt":"2023-12-06T19:54:17","guid":{"rendered":"https:\/\/isothermal.eco\/?page_id=718"},"modified":"2025-09-03T20:13:46","modified_gmt":"2025-09-03T20:13:46","slug":"residentials","status":"publish","type":"page","link":"https:\/\/isothermal.eco\/en\/residentials\/","title":{"rendered":"Residentials"},"content":{"rendered":"<figure class=\"wp-block-image size-large\"><img loading=\"lazy\" decoding=\"async\" width=\"1024\" height=\"255\" src=\"https:\/\/isothermal.eco\/wp-content\/uploads\/2023\/12\/Untitled_Panorama-1_hdr-1-1024x255.jpg\" alt=\"\" class=\"wp-image-730\" srcset=\"https:\/\/isothermal.eco\/wp-content\/uploads\/2023\/12\/Untitled_Panorama-1_hdr-1-980x244.jpg 980w, https:\/\/isothermal.eco\/wp-content\/uploads\/2023\/12\/Untitled_Panorama-1_hdr-1-480x120.jpg 480w\" sizes=\"auto, (min-width: 0px) and (max-width: 480px) 480px, (min-width: 481px) and (max-width: 980px) 980px, (min-width: 981px) 1024px, 100vw\" \/><\/figure>\r\n\r\n\r\n\r\n<p><strong>Intro<\/strong><\/p>\r\n\r\n\r\n\r\n<p class=\"has-text-align-justify\">Why there are tax heavens ? Usually because there are tax hells like in the most of the EU countries. With cooperation of Liberation.travel we are providing complete program for crypto and also non-crypto refugees mostly from EU countries help to move permanently to Panama. <\/p>\r\n\r\n\r\n\r\n<p><strong>Why you to move to Panama<\/strong> ? <\/p>\r\n\r\n\r\n\r\n<p class=\"has-text-align-justify\">Panama resides in the central Latin Am\u00e9rica and was, is and will be the most developed country in the region thanks to Panama canal.  Panama offers it&#8217;s beautiful nature surrounded by 2 oceans, or specifically Pacific ocean from side of capital city, Panama City and from other side Caribbean sea. <\/p>\r\n\r\n\r\n\r\n<p class=\"has-text-align-justify\">Thanks yo Panama Canal, Panama became a hub, for trading, banks, tourism, travelers and multi cultural spot. You can find here from skyscrapers in the capital city to wild green mountains with waterfalls, lakes, long hiking tracks, to ocean and sea sports, fishing, surfing, sailing, diving, snorkeling, golf  and many more. All photos of Panama made by us you can see in the gallery below. <\/p>\r\n\r\n\r\n\r\n<p><strong>What we offer to refugees ?<\/strong><\/p>\r\n\r\n\r\n\r\n<ol class=\"wp-block-list\">\r\n<li>Program for moving \/ relocation &#8211; residency, driving license, legal support, personal assistances, advisory for trip agencies, real estate agencies. <\/li>\r\n\r\n\r\n\r\n<li>Reliable, safe and professional crypto to cash OTC desk <\/li>\r\n\r\n\r\n\r\n<li>Advisory for partners for trips and travelling<\/li>\r\n\r\n\r\n\r\n<li>Advisory of partners for real estate<\/li>\r\n\r\n\r\n\r\n<li>Building own house with European quality or delivering container \/ capsule houses <\/li>\r\n\r\n\r\n\r\n<li>Delivering and installing independent off-grid systems including electricity (solar, vertical wind) and water ( waste water recycling and desalting )<\/li>\r\n<\/ol>\r\n\r\n\r\n\r\n<p><strong>Relocation, residency program <\/strong><\/p>\r\n\r\n\r\n\r\n<p class=\"has-text-align-justify\">All residencies programs you find at our page related to relocation and getting residencies called <a href=\"https:\/\/liberation.travel\/location-panama\/\">Liberation.travel <\/a>. If you have more questions, don&#8217;t hesitate to ask there and they will provide you all necessary information to move out of tax EU tax hell. We strongly recommend you to pay for this service as non-experience person you can get really stuck in the local bureaucracy and paper work. Especially that goes for non Spanish speaking people.  <\/p>\r\n\r\n\r\n\r\n<figure class=\"wp-block-image\"><img decoding=\"async\" src=\"https:\/\/th.bing.com\/th\/id\/R.c38a5d671ddb7ecbfd6e08fd379a3c9b?rik=hCCIf%2frFKOA7IA&amp;riu=http%3a%2f%2fwww.latinol.com%2fmedia%2fcontenido%2fimages%2ftribunal-electoral(5).jpg&amp;ehk=6wezM%2f7ouGjgq7wwFo2DCqB3RcutnrqNTgbwJuyCiWM%3d&amp;risl=&amp;pid=ImgRaw&amp;r=0&amp;sres=1&amp;sresct=1\" alt=\"Tribunal Electoral de Panam\u00e1 realiza tr\u00e1mites en el \u00e1rea de Sixaola en ...\"\/><\/figure>\r\n\r\n\r\n\r\n<p><strong>Move your crypto funds into Panama<\/strong><\/p>\r\n\r\n\r\n\r\n<p class=\"has-text-align-justify\">Part of the program is to assure our clients moving the crypto funds to Panama with the most safe way with profesional service as much as possible. The safety of our clients coming Panama is the essential service which can include not only OTC change but also personal safety or bodyguard. We are accepting USDT , BTC and ETH. <\/p>\r\n\r\n\r\n\r\n<p><strong>Travelling and short trips in Panama  <\/strong><\/p>\r\n\r\n\r\n\r\n<p class=\"has-text-align-justify\">What we really recommend in Panama before relocation is the minimum 3 weeks trip here knowing better the environment, nature, people and specific Panama culture which can be really different in different parts of Panama. <\/p>\r\n\r\n\r\n\r\n<figure class=\"wp-block-image size-large is-resized\"><img loading=\"lazy\" decoding=\"async\" width=\"1024\" height=\"683\" src=\"https:\/\/isothermal.eco\/wp-content\/uploads\/2023\/12\/6E5A4354-1024x683.jpg\" alt=\"\" class=\"wp-image-741\" style=\"width:823px;height:auto\" srcset=\"https:\/\/isothermal.eco\/wp-content\/uploads\/2023\/12\/6E5A4354-980x653.jpg 980w, https:\/\/isothermal.eco\/wp-content\/uploads\/2023\/12\/6E5A4354-480x320.jpg 480w\" sizes=\"auto, (min-width: 0px) and (max-width: 480px) 480px, (min-width: 481px) and (max-width: 980px) 980px, (min-width: 981px) 1024px, 100vw\" \/><\/figure>\r\n\r\n\r\n\r\n<p>Sun raise in Buena Ventura resort (Rio Hato)<\/p>\r\n\r\n\r\n\r\n<p class=\"has-text-align-justify\">We have personal experience in many areas including resorts, villages or closed community of Panama including capital, Capira, Cham\u00e9, Coronado, San Carlos, Ell Valle, Rio Hato, Chitr\u00e9, Cocl\u00e9, Chiriqu\u00ed, Col\u00f3n (Caribbean sea side), San Blas.  <\/p>\r\n\r\n\r\n\r\n<figure class=\"wp-block-image size-large\"><img loading=\"lazy\" decoding=\"async\" width=\"1024\" height=\"683\" src=\"https:\/\/isothermal.eco\/wp-content\/uploads\/2023\/12\/6E5A3305-1024x683.jpg\" alt=\"\" class=\"wp-image-743\" srcset=\"https:\/\/isothermal.eco\/wp-content\/uploads\/2023\/12\/6E5A3305-980x653.jpg 980w, https:\/\/isothermal.eco\/wp-content\/uploads\/2023\/12\/6E5A3305-480x320.jpg 480w\" sizes=\"auto, (min-width: 0px) and (max-width: 480px) 480px, (min-width: 481px) and (max-width: 980px) 980px, (min-width: 981px) 1024px, 100vw\" \/><\/figure>\r\n\r\n\r\n\r\n<p>Chiriqu\u00ed, Boquete, Volc\u00e1n Bar\u00fa (3474m)<\/p>\r\n\r\n\r\n\r\n<p class=\"has-text-align-justify\">The only one thing we can&#8217;t provide you here, is the snow, neither in the 3500m height the mountain of Volcan Bar\u00fa isn&#8217;t snowing. The only good snow you can find here is at your mixed juice with ice \ud83d\ude42 <\/p>\r\n\r\n\r\n\r\n<figure class=\"wp-block-image size-large\"><img loading=\"lazy\" decoding=\"async\" width=\"1024\" height=\"683\" src=\"https:\/\/isothermal.eco\/wp-content\/uploads\/2023\/12\/A89A2725-1024x683.jpg\" alt=\"\" class=\"wp-image-745\" srcset=\"https:\/\/isothermal.eco\/wp-content\/uploads\/2023\/12\/A89A2725-980x653.jpg 980w, https:\/\/isothermal.eco\/wp-content\/uploads\/2023\/12\/A89A2725-480x320.jpg 480w\" sizes=\"auto, (min-width: 0px) and (max-width: 480px) 480px, (min-width: 481px) and (max-width: 980px) 980px, (min-width: 981px) 1024px, 100vw\" \/><\/figure>\r\n\r\n\r\n\r\n<p>San Blas islands, Caribbean sea.  <\/p>\r\n\r\n\r\n\r\n<figure class=\"wp-block-image size-large is-resized\"><img loading=\"lazy\" decoding=\"async\" width=\"1024\" height=\"683\" src=\"https:\/\/isothermal.eco\/wp-content\/uploads\/2023\/12\/6E5A6612_spring-1024x683.jpg\" alt=\"\" class=\"wp-image-748\" style=\"width:823px;height:auto\" srcset=\"https:\/\/isothermal.eco\/wp-content\/uploads\/2023\/12\/6E5A6612_spring-980x653.jpg 980w, https:\/\/isothermal.eco\/wp-content\/uploads\/2023\/12\/6E5A6612_spring-480x320.jpg 480w\" sizes=\"auto, (min-width: 0px) and (max-width: 480px) 480px, (min-width: 481px) and (max-width: 980px) 980px, (min-width: 981px) 1024px, 100vw\" \/><\/figure>\r\n\r\n\r\n\r\n<p>Waterfall Kiki, Ng\u00e4be-Bugl\u00e9<\/p>\r\n\r\n\r\n\r\n<p><\/p>\r\n\r\n\r\n\r\n<p><strong>Advisory of partners for real estate<\/strong><\/p>\r\n\r\n\r\n\r\n<p class=\"has-text-align-justify\">The reality of Panama actually is that there are lot of real estate agencies selling or renting real estate (houses, apartments, land). Lof of them of course have in the offer something that can look from remote observation through the web pages or some visual presentation very cool. In reality, you always have to go there, look for environment, part of the Panama, neighbors, traffic, infrastructure which is really time consuming. To save your time and money we can provide advisory based on the personal experience. <\/p>\r\n\r\n\r\n\r\n<p><\/p>\r\n\r\n\r\n\r\n<p><strong>Bringing and installing complete off grid capsule house <\/strong><\/p>\r\n\r\n\r\n\r\n<p class=\"has-text-align-justify\">Big advantage is to not deal with any governments office related to building your house or some other type of bureaucracy with electric and water supply. <\/p>\r\n\r\n\r\n\r\n<figure class=\"wp-block-image size-large\"><img loading=\"lazy\" decoding=\"async\" width=\"1024\" height=\"594\" src=\"https:\/\/isothermal.eco\/wp-content\/uploads\/2023\/12\/VL-PB05-2-1024x594.png\" alt=\"\" class=\"wp-image-758\" srcset=\"https:\/\/isothermal.eco\/wp-content\/uploads\/2023\/12\/VL-PB05-2-980x569.png 980w, https:\/\/isothermal.eco\/wp-content\/uploads\/2023\/12\/VL-PB05-2-480x278.png 480w\" sizes=\"auto, (min-width: 0px) and (max-width: 480px) 480px, (min-width: 481px) and (max-width: 980px) 980px, (min-width: 981px) 1024px, 100vw\" \/><\/figure>\r\n\r\n\r\n\r\n<p class=\"has-text-align-justify\">This option is the most easy way how to start living in the high quality modern house within few months. As extra service for off grid lovers we can provide the newest <a href=\"https:\/\/isothermal.eco\/en\/solar-paneles\/\">solar panels<\/a> (fixed or flexible surface), <a href=\"https:\/\/isothermal.eco\/en\/turbinas-eolicas-verticales\/\">vertical wind turbines<\/a>, <a href=\"https:\/\/isothermal.eco\/en\/acerca-de-aquatec-vfl\/\">waste water cleaning<\/a> and recycle and <a href=\"https:\/\/isothermal.eco\/en\/desalinizacion-y-potabilizaciondel-agua-de-mar\/\">desalting the water<\/a>. Total price for off grid (including  transport, installation, with solar and wind energy = 10kW set) starts at 120.000$ without land. <\/p>\r\n\r\n\r\n\r\n<p><strong>Building your own house<\/strong><\/p>\r\n\r\n\r\n\r\n<p class=\"has-text-align-justify\">Based on your needs we can provide complete service from legal support, real estate agency, building the house with highest energy saving standards of <a href=\"https:\/\/isothermal.eco\/en\/mi-casa-mis-ventanas\/\">windows <\/a>and <a href=\"https:\/\/isothermal.eco\/en\/puertas-de-entrada\/\">doors<\/a>, for off grid living (water, electricity). Time to manage project to build own house on the land could take much more time and we recommend to be at that time on site, in Panama physically. <\/p>\r\n\r\n\r\n\r\n<p><\/p>\r\n\r\n\r\n\r\n<p><strong>CONCLUSION<\/strong><\/p>\r\n\r\n\r\n\r\n<p class=\"has-text-align-justify\">Don&#8217;t hesitate to contact us via Facebook or Instagram or contact form on the page. We speak English, Spanish, Slovak, Czech. <\/p>\r\n\r\n\r\n\r\n<p><\/p>\r\n\r\n\r\n\r\n<figure class=\"wp-block-gallery has-nested-images columns-default is-cropped wp-block-gallery-1 is-layout-flex wp-block-gallery-is-layout-flex\">\r\n<figure class=\"wp-block-image size-large\"><img loading=\"lazy\" decoding=\"async\" width=\"1024\" height=\"683\" data-id=\"778\" src=\"https:\/\/isothermal.eco\/wp-content\/uploads\/2023\/12\/6E5A3305-2-1024x683.jpg\" alt=\"\" class=\"wp-image-778\" srcset=\"https:\/\/isothermal.eco\/wp-content\/uploads\/2023\/12\/6E5A3305-2-980x653.jpg 980w, https:\/\/isothermal.eco\/wp-content\/uploads\/2023\/12\/6E5A3305-2-480x320.jpg 480w\" sizes=\"auto, (min-width: 0px) and (max-width: 480px) 480px, (min-width: 481px) and (max-width: 980px) 980px, (min-width: 981px) 1024px, 100vw\" \/><\/figure>\r\n\r\n\r\n\r\n<figure class=\"wp-block-image size-large\"><img loading=\"lazy\" decoding=\"async\" width=\"683\" height=\"1024\" data-id=\"779\" src=\"https:\/\/isothermal.eco\/wp-content\/uploads\/2023\/12\/6E5A3469-683x1024.jpg\" alt=\"\" class=\"wp-image-779\"\/><\/figure>\r\n\r\n\r\n\r\n<figure class=\"wp-block-image size-large\"><img loading=\"lazy\" decoding=\"async\" width=\"1024\" height=\"683\" data-id=\"786\" src=\"https:\/\/isothermal.eco\/wp-content\/uploads\/2023\/12\/6E5A4123-1024x683.jpg\" alt=\"\" class=\"wp-image-786\" srcset=\"https:\/\/isothermal.eco\/wp-content\/uploads\/2023\/12\/6E5A4123-980x653.jpg 980w, https:\/\/isothermal.eco\/wp-content\/uploads\/2023\/12\/6E5A4123-480x320.jpg 480w\" sizes=\"auto, (min-width: 0px) and (max-width: 480px) 480px, (min-width: 481px) and (max-width: 980px) 980px, (min-width: 981px) 1024px, 100vw\" \/><\/figure>\r\n\r\n\r\n\r\n<figure class=\"wp-block-image size-large\"><img loading=\"lazy\" decoding=\"async\" width=\"1024\" height=\"683\" data-id=\"787\" src=\"https:\/\/isothermal.eco\/wp-content\/uploads\/2023\/12\/6E5A4354-2-1024x683.jpg\" alt=\"\" class=\"wp-image-787\" srcset=\"https:\/\/isothermal.eco\/wp-content\/uploads\/2023\/12\/6E5A4354-2-980x653.jpg 980w, https:\/\/isothermal.eco\/wp-content\/uploads\/2023\/12\/6E5A4354-2-480x320.jpg 480w\" sizes=\"auto, (min-width: 0px) and (max-width: 480px) 480px, (min-width: 481px) and (max-width: 980px) 980px, (min-width: 981px) 1024px, 100vw\" \/><\/figure>\r\n\r\n\r\n\r\n<figure class=\"wp-block-image size-large\"><img loading=\"lazy\" decoding=\"async\" width=\"1024\" height=\"683\" data-id=\"789\" src=\"https:\/\/isothermal.eco\/wp-content\/uploads\/2023\/12\/6E5A4375-1024x683.jpg\" alt=\"\" class=\"wp-image-789\" srcset=\"https:\/\/isothermal.eco\/wp-content\/uploads\/2023\/12\/6E5A4375-980x653.jpg 980w, https:\/\/isothermal.eco\/wp-content\/uploads\/2023\/12\/6E5A4375-480x320.jpg 480w\" sizes=\"auto, (min-width: 0px) and (max-width: 480px) 480px, (min-width: 481px) and (max-width: 980px) 980px, (min-width: 981px) 1024px, 100vw\" \/><\/figure>\r\n\r\n\r\n\r\n<figure class=\"wp-block-image size-large\"><img loading=\"lazy\" decoding=\"async\" width=\"1024\" height=\"683\" data-id=\"780\" src=\"https:\/\/isothermal.eco\/wp-content\/uploads\/2023\/12\/6E5A4502-1024x683.jpg\" alt=\"\" class=\"wp-image-780\" srcset=\"https:\/\/isothermal.eco\/wp-content\/uploads\/2023\/12\/6E5A4502-980x653.jpg 980w, https:\/\/isothermal.eco\/wp-content\/uploads\/2023\/12\/6E5A4502-480x320.jpg 480w\" sizes=\"auto, (min-width: 0px) and (max-width: 480px) 480px, (min-width: 481px) and (max-width: 980px) 980px, (min-width: 981px) 1024px, 100vw\" \/><\/figure>\r\n\r\n\r\n\r\n<figure class=\"wp-block-image size-large\"><img loading=\"lazy\" decoding=\"async\" width=\"1024\" height=\"683\" data-id=\"782\" src=\"https:\/\/isothermal.eco\/wp-content\/uploads\/2023\/12\/6E5A6303_hdrlike-1024x683.jpg\" alt=\"\" class=\"wp-image-782\" srcset=\"https:\/\/isothermal.eco\/wp-content\/uploads\/2023\/12\/6E5A6303_hdrlike-980x653.jpg 980w, https:\/\/isothermal.eco\/wp-content\/uploads\/2023\/12\/6E5A6303_hdrlike-480x320.jpg 480w\" sizes=\"auto, (min-width: 0px) and (max-width: 480px) 480px, (min-width: 481px) and (max-width: 980px) 980px, (min-width: 981px) 1024px, 100vw\" \/><\/figure>\r\n\r\n\r\n\r\n<figure class=\"wp-block-image size-large\"><img loading=\"lazy\" decoding=\"async\" width=\"1024\" height=\"683\" data-id=\"777\" src=\"https:\/\/isothermal.eco\/wp-content\/uploads\/2023\/12\/6E5A6612_spring-2-1024x683.jpg\" alt=\"\" class=\"wp-image-777\" srcset=\"https:\/\/isothermal.eco\/wp-content\/uploads\/2023\/12\/6E5A6612_spring-2-980x653.jpg 980w, https:\/\/isothermal.eco\/wp-content\/uploads\/2023\/12\/6E5A6612_spring-2-480x320.jpg 480w\" sizes=\"auto, (min-width: 0px) and (max-width: 480px) 480px, (min-width: 481px) and (max-width: 980px) 980px, (min-width: 981px) 1024px, 100vw\" \/><\/figure>\r\n\r\n\r\n\r\n<figure class=\"wp-block-image size-large\"><img loading=\"lazy\" decoding=\"async\" width=\"1024\" height=\"683\" data-id=\"781\" src=\"https:\/\/isothermal.eco\/wp-content\/uploads\/2023\/12\/6E5A6791_hdr1-1024x683.jpg\" alt=\"\" class=\"wp-image-781\" srcset=\"https:\/\/isothermal.eco\/wp-content\/uploads\/2023\/12\/6E5A6791_hdr1-980x653.jpg 980w, https:\/\/isothermal.eco\/wp-content\/uploads\/2023\/12\/6E5A6791_hdr1-480x320.jpg 480w\" sizes=\"auto, (min-width: 0px) and (max-width: 480px) 480px, (min-width: 481px) and (max-width: 980px) 980px, (min-width: 981px) 1024px, 100vw\" \/><\/figure>\r\n\r\n\r\n\r\n<figure class=\"wp-block-image size-large\"><img loading=\"lazy\" decoding=\"async\" width=\"1024\" height=\"683\" data-id=\"783\" src=\"https:\/\/isothermal.eco\/wp-content\/uploads\/2023\/12\/6E5A6844_hdr1-1024x683.jpg\" alt=\"\" class=\"wp-image-783\" srcset=\"https:\/\/isothermal.eco\/wp-content\/uploads\/2023\/12\/6E5A6844_hdr1-980x653.jpg 980w, https:\/\/isothermal.eco\/wp-content\/uploads\/2023\/12\/6E5A6844_hdr1-480x320.jpg 480w\" sizes=\"auto, (min-width: 0px) and (max-width: 480px) 480px, (min-width: 481px) and (max-width: 980px) 980px, (min-width: 981px) 1024px, 100vw\" \/><\/figure>\r\n\r\n\r\n\r\n<figure class=\"wp-block-image size-large\"><img loading=\"lazy\" decoding=\"async\" width=\"1024\" height=\"683\" data-id=\"784\" src=\"https:\/\/isothermal.eco\/wp-content\/uploads\/2023\/12\/6E5A6918_warmdeep-1024x683.jpg\" alt=\"\" class=\"wp-image-784\" srcset=\"https:\/\/isothermal.eco\/wp-content\/uploads\/2023\/12\/6E5A6918_warmdeep-980x653.jpg 980w, https:\/\/isothermal.eco\/wp-content\/uploads\/2023\/12\/6E5A6918_warmdeep-480x320.jpg 480w\" sizes=\"auto, (min-width: 0px) and (max-width: 480px) 480px, (min-width: 481px) and (max-width: 980px) 980px, (min-width: 981px) 1024px, 100vw\" \/><\/figure>\r\n\r\n\r\n\r\n<figure class=\"wp-block-image size-large\"><img loading=\"lazy\" decoding=\"async\" width=\"1024\" height=\"683\" data-id=\"788\" src=\"https:\/\/isothermal.eco\/wp-content\/uploads\/2023\/12\/A89A8998-1024x683.jpg\" alt=\"\" class=\"wp-image-788\" srcset=\"https:\/\/isothermal.eco\/wp-content\/uploads\/2023\/12\/A89A8998-980x653.jpg 980w, https:\/\/isothermal.eco\/wp-content\/uploads\/2023\/12\/A89A8998-480x320.jpg 480w\" sizes=\"auto, (min-width: 0px) and (max-width: 480px) 480px, (min-width: 481px) and (max-width: 980px) 980px, (min-width: 981px) 1024px, 100vw\" \/><\/figure>\r\n\r\n\r\n\r\n<figure class=\"wp-block-image size-large\"><img loading=\"lazy\" decoding=\"async\" width=\"1024\" height=\"683\" data-id=\"785\" src=\"https:\/\/isothermal.eco\/wp-content\/uploads\/2023\/12\/A89A9874-1024x683.jpg\" alt=\"\" class=\"wp-image-785\" srcset=\"https:\/\/isothermal.eco\/wp-content\/uploads\/2023\/12\/A89A9874-980x653.jpg 980w, https:\/\/isothermal.eco\/wp-content\/uploads\/2023\/12\/A89A9874-480x320.jpg 480w\" sizes=\"auto, (min-width: 0px) and (max-width: 480px) 480px, (min-width: 481px) and (max-width: 980px) 980px, (min-width: 981px) 1024px, 100vw\" \/><\/figure>\r\n<\/figure>\r\n\r\n\r\n\r\n<p><\/p>","protected":false},"excerpt":{"rendered":"<p>Intro Why there are tax heavens ? Usually because there are tax hells like in the most of the EU countries. With cooperation of Liberation.travel we are providing complete program for crypto and also non-crypto refugees mostly from EU countries help to move permanently to Panama. Why you to move to Panama ? Panama resides [&hellip;]<\/p>","protected":false},"author":1,"featured_media":0,"parent":0,"menu_order":0,"comment_status":"closed","ping_status":"closed","template":"","meta":{"_et_pb_use_builder":"off","_et_pb_old_content":"","_et_gb_content_width":"","footnotes":""},"class_list":["post-718","page","type-page","status-publish","hentry"],"_links":{"self":[{"href":"https:\/\/isothermal.eco\/en\/wp-json\/wp\/v2\/pages\/718","targetHints":{"allow":["GET"]}}],"collection":[{"href":"https:\/\/isothermal.eco\/en\/wp-json\/wp\/v2\/pages"}],"about":[{"href":"https:\/\/isothermal.eco\/en\/wp-json\/wp\/v2\/types\/page"}],"author":[{"embeddable":true,"href":"https:\/\/isothermal.eco\/en\/wp-json\/wp\/v2\/users\/1"}],"replies":[{"embeddable":true,"href":"https:\/\/isothermal.eco\/en\/wp-json\/wp\/v2\/comments?post=718"}],"version-history":[{"count":43,"href":"https:\/\/isothermal.eco\/en\/wp-json\/wp\/v2\/pages\/718\/revisions"}],"predecessor-version":[{"id":1753,"href":"https:\/\/isothermal.eco\/en\/wp-json\/wp\/v2\/pages\/718\/revisions\/1753"}],"wp:attachment":[{"href":"https:\/\/isothermal.eco\/en\/wp-json\/wp\/v2\/media?parent=718"}],"curies":[{"name":"wp","href":"https:\/\/api.w.org\/{rel}","templated":true}]}}