{"id":1762,"date":"2026-04-14T17:53:48","date_gmt":"2026-04-14T17:53:48","guid":{"rendered":"https:\/\/isothermal.eco\/desalinizacion\/"},"modified":"2026-04-14T18:18:46","modified_gmt":"2026-04-14T18:18:46","slug":"desalinizacion","status":"publish","type":"page","link":"https:\/\/isothermal.eco\/en\/desalinizacion\/","title":{"rendered":"MSF Desalinizaci\u00f3n"},"content":{"rendered":"<h2>MSF Desalinizaci\u00f3n \u2014 Sistemas de Desalinizaci\u00f3n de Agua<\/h2>\n<p>Soluciones de desalinizaci\u00f3n de agua de mar y agua salobre para Panam\u00e1 y Centroam\u00e9rica. Tecnolog\u00eda MSF (Multi-Stage Flash) para producci\u00f3n de agua potable a partir de fuentes salinas.<\/p>\n<h3>Aplicaciones<\/h3>\n<ul>\n<li>Comunidades costeras sin acceso a agua potable<\/li>\n<li>Islas y zonas insulares<\/li>\n<li>Hoteles y resorts en zonas costeras<\/li>\n<li>Industria con necesidad de agua desalinizada<\/li>\n<li>Emergencias y desastres naturales<\/li>\n<li>Proyectos agr\u00edcolas en zonas \u00e1ridas<\/li>\n<\/ul>\n<h3>Ventajas<\/h3>\n<ul>\n<li>Producci\u00f3n de agua potable desde agua de mar<\/li>\n<li>Tecnolog\u00eda probada y confiable<\/li>\n<li>Bajo mantenimiento<\/li>\n<li>Escalable seg\u00fan necesidad<\/li>\n<li>Compatible con energ\u00eda solar<\/li>\n<\/ul>\n<p><\/p>\n<hr>\n<h3>Galeria<\/h3>\n\n\t\t<style type=\"text\/css\">\n\t\t\t#gallery-1 {\n\t\t\t\tmargin: auto;\n\t\t\t}\n\t\t\t#gallery-1 .gallery-item {\n\t\t\t\tfloat: left;\n\t\t\t\tmargin-top: 10px;\n\t\t\t\ttext-align: center;\n\t\t\t\twidth: 33%;\n\t\t\t}\n\t\t\t#gallery-1 img {\n\t\t\t\tborder: 2px solid #cfcfcf;\n\t\t\t}\n\t\t\t#gallery-1 .gallery-caption {\n\t\t\t\tmargin-left: 0;\n\t\t\t}\n\t\t\t\/* see gallery_shortcode() in wp-includes\/media.php *\/\n\t\t<\/style>\n\t\t<div id='gallery-1' class='gallery galleryid-1762 gallery-columns-3 gallery-size-large'><dl class='gallery-item'>\n\t\t\t<dt class='gallery-icon landscape'>\n\t\t\t\t<a href='https:\/\/isothermal.eco\/wp-content\/uploads\/2026\/04\/msf_msf_01.jpg'><img loading=\"lazy\" decoding=\"async\" width=\"1024\" height=\"683\" src=\"https:\/\/isothermal.eco\/wp-content\/uploads\/2026\/04\/msf_msf_01-1024x683.jpg\" class=\"attachment-large size-large\" alt=\"\" srcset=\"https:\/\/isothermal.eco\/wp-content\/uploads\/2026\/04\/msf_msf_01-1024x683.jpg 1024w, https:\/\/isothermal.eco\/wp-content\/uploads\/2026\/04\/msf_msf_01-980x653.jpg 980w, https:\/\/isothermal.eco\/wp-content\/uploads\/2026\/04\/msf_msf_01-480x320.jpg 480w\" sizes=\"auto, (min-width: 0px) and (max-width: 480px) 480px, (min-width: 481px) and (max-width: 980px) 980px, (min-width: 981px) 1024px, 100vw\" \/><\/a>\n\t\t\t<\/dt><\/dl><dl class='gallery-item'>\n\t\t\t<dt class='gallery-icon landscape'>\n\t\t\t\t<a href='https:\/\/isothermal.eco\/wp-content\/uploads\/2026\/04\/msf_msf_03.jpg'><img loading=\"lazy\" decoding=\"async\" width=\"1024\" height=\"681\" src=\"https:\/\/isothermal.eco\/wp-content\/uploads\/2026\/04\/msf_msf_03-1024x681.jpg\" class=\"attachment-large size-large\" alt=\"\" srcset=\"https:\/\/isothermal.eco\/wp-content\/uploads\/2026\/04\/msf_msf_03-1024x681.jpg 1024w, https:\/\/isothermal.eco\/wp-content\/uploads\/2026\/04\/msf_msf_03-980x652.jpg 980w, https:\/\/isothermal.eco\/wp-content\/uploads\/2026\/04\/msf_msf_03-480x319.jpg 480w\" sizes=\"auto, (min-width: 0px) and (max-width: 480px) 480px, (min-width: 481px) and (max-width: 980px) 980px, (min-width: 981px) 1024px, 100vw\" \/><\/a>\n\t\t\t<\/dt><\/dl><dl class='gallery-item'>\n\t\t\t<dt class='gallery-icon portrait'>\n\t\t\t\t<a href='https:\/\/isothermal.eco\/wp-content\/uploads\/2026\/04\/msf_msf_04.jpg'><img loading=\"lazy\" decoding=\"async\" width=\"684\" height=\"1024\" src=\"https:\/\/isothermal.eco\/wp-content\/uploads\/2026\/04\/msf_msf_04-684x1024.jpg\" class=\"attachment-large size-large\" alt=\"\" \/><\/a>\n\t\t\t<\/dt><\/dl><br style=\"clear: both\" \/><dl class='gallery-item'>\n\t\t\t<dt class='gallery-icon portrait'>\n\t\t\t\t<a href='https:\/\/isothermal.eco\/wp-content\/uploads\/2026\/04\/msf_msf_05.jpg'><img loading=\"lazy\" decoding=\"async\" width=\"683\" height=\"1024\" src=\"https:\/\/isothermal.eco\/wp-content\/uploads\/2026\/04\/msf_msf_05-683x1024.jpg\" class=\"attachment-large size-large\" alt=\"\" \/><\/a>\n\t\t\t<\/dt><\/dl><dl class='gallery-item'>\n\t\t\t<dt class='gallery-icon portrait'>\n\t\t\t\t<a href='https:\/\/isothermal.eco\/wp-content\/uploads\/2026\/04\/msf_msf_06.jpg'><img loading=\"lazy\" decoding=\"async\" width=\"819\" height=\"1024\" src=\"https:\/\/isothermal.eco\/wp-content\/uploads\/2026\/04\/msf_msf_06-819x1024.jpg\" class=\"attachment-large size-large\" alt=\"\" \/><\/a>\n\t\t\t<\/dt><\/dl><dl class='gallery-item'>\n\t\t\t<dt class='gallery-icon landscape'>\n\t\t\t\t<a href='https:\/\/isothermal.eco\/wp-content\/uploads\/2026\/04\/msf_msf_07.jpg'><img loading=\"lazy\" decoding=\"async\" width=\"1024\" height=\"731\" src=\"https:\/\/isothermal.eco\/wp-content\/uploads\/2026\/04\/msf_msf_07-1024x731.jpg\" class=\"attachment-large size-large\" alt=\"\" srcset=\"https:\/\/isothermal.eco\/wp-content\/uploads\/2026\/04\/msf_msf_07-1024x731.jpg 1024w, https:\/\/isothermal.eco\/wp-content\/uploads\/2026\/04\/msf_msf_07-980x700.jpg 980w, https:\/\/isothermal.eco\/wp-content\/uploads\/2026\/04\/msf_msf_07-480x343.jpg 480w\" sizes=\"auto, (min-width: 0px) and (max-width: 480px) 480px, (min-width: 481px) and (max-width: 980px) 980px, (min-width: 981px) 1024px, 100vw\" \/><\/a>\n\t\t\t<\/dt><\/dl><br style=\"clear: both\" \/><dl class='gallery-item'>\n\t\t\t<dt class='gallery-icon portrait'>\n\t\t\t\t<a href='https:\/\/isothermal.eco\/wp-content\/uploads\/2026\/04\/msf_msf_08.jpg'><img loading=\"lazy\" decoding=\"async\" width=\"683\" height=\"1024\" src=\"https:\/\/isothermal.eco\/wp-content\/uploads\/2026\/04\/msf_msf_08-683x1024.jpg\" class=\"attachment-large size-large\" alt=\"\" \/><\/a>\n\t\t\t<\/dt><\/dl><dl class='gallery-item'>\n\t\t\t<dt class='gallery-icon portrait'>\n\t\t\t\t<a href='https:\/\/isothermal.eco\/wp-content\/uploads\/2026\/04\/msf_msf_09.jpg'><img loading=\"lazy\" decoding=\"async\" width=\"575\" height=\"1024\" src=\"https:\/\/isothermal.eco\/wp-content\/uploads\/2026\/04\/msf_msf_09-575x1024.jpg\" class=\"attachment-large size-large\" alt=\"\" \/><\/a>\n\t\t\t<\/dt><\/dl><dl class='gallery-item'>\n\t\t\t<dt class='gallery-icon landscape'>\n\t\t\t\t<a href='https:\/\/isothermal.eco\/wp-content\/uploads\/2026\/04\/msf_msf_10.jpg'><img loading=\"lazy\" decoding=\"async\" width=\"1024\" height=\"683\" src=\"https:\/\/isothermal.eco\/wp-content\/uploads\/2026\/04\/msf_msf_10-1024x683.jpg\" class=\"attachment-large size-large\" alt=\"\" srcset=\"https:\/\/isothermal.eco\/wp-content\/uploads\/2026\/04\/msf_msf_10-1024x683.jpg 1024w, https:\/\/isothermal.eco\/wp-content\/uploads\/2026\/04\/msf_msf_10-980x653.jpg 980w, https:\/\/isothermal.eco\/wp-content\/uploads\/2026\/04\/msf_msf_10-480x320.jpg 480w\" sizes=\"auto, (min-width: 0px) and (max-width: 480px) 480px, (min-width: 481px) and (max-width: 980px) 980px, (min-width: 981px) 1024px, 100vw\" \/><\/a>\n\t\t\t<\/dt><\/dl><br style=\"clear: both\" \/><dl class='gallery-item'>\n\t\t\t<dt class='gallery-icon landscape'>\n\t\t\t\t<a href='https:\/\/isothermal.eco\/wp-content\/uploads\/2026\/04\/msf_msf_12.jpg'><img loading=\"lazy\" decoding=\"async\" width=\"1024\" height=\"683\" src=\"https:\/\/isothermal.eco\/wp-content\/uploads\/2026\/04\/msf_msf_12-1024x683.jpg\" class=\"attachment-large size-large\" alt=\"\" srcset=\"https:\/\/isothermal.eco\/wp-content\/uploads\/2026\/04\/msf_msf_12-1024x683.jpg 1024w, https:\/\/isothermal.eco\/wp-content\/uploads\/2026\/04\/msf_msf_12-980x653.jpg 980w, https:\/\/isothermal.eco\/wp-content\/uploads\/2026\/04\/msf_msf_12-480x320.jpg 480w\" sizes=\"auto, (min-width: 0px) and (max-width: 480px) 480px, (min-width: 481px) and (max-width: 980px) 980px, (min-width: 981px) 1024px, 100vw\" \/><\/a>\n\t\t\t<\/dt><\/dl>\n\t\t\t<br style='clear: both' \/>\n\t\t<\/div>\n\n<h3>Contacto<\/h3>\n<p><strong>Isothermal Innovations INC.<\/strong><br \/>\nEmail: <a href=\"mailto:panama@isothermal.eco\">panama@isothermal.eco<\/a><br \/>\nTel\u00e9fono: +507 6410-4364<br \/>\nWeb: <a href=\"https:\/\/isothermal.eco\/en\/\">isothermal.eco<\/a><\/p>","protected":false},"excerpt":{"rendered":"<p>MSF Desalinizaci\u00f3n \u2014 Sistemas de Desalinizaci\u00f3n de Agua Soluciones de desalinizaci\u00f3n de agua de mar y agua salobre para Panam\u00e1 y Centroam\u00e9rica. Tecnolog\u00eda MSF (Multi-Stage Flash) para producci\u00f3n de agua potable a partir de fuentes salinas. Aplicaciones Comunidades costeras sin acceso a agua potable Islas y zonas insulares Hoteles y resorts en zonas costeras Industria [&hellip;]<\/p>","protected":false},"author":1,"featured_media":0,"parent":0,"menu_order":0,"comment_status":"closed","ping_status":"closed","template":"","meta":{"_et_pb_use_builder":"","_et_pb_old_content":"","_et_gb_content_width":"","footnotes":""},"class_list":["post-1762","page","type-page","status-publish","hentry"],"_links":{"self":[{"href":"https:\/\/isothermal.eco\/en\/wp-json\/wp\/v2\/pages\/1762","targetHints":{"allow":["GET"]}}],"collection":[{"href":"https:\/\/isothermal.eco\/en\/wp-json\/wp\/v2\/pages"}],"about":[{"href":"https:\/\/isothermal.eco\/en\/wp-json\/wp\/v2\/types\/page"}],"author":[{"embeddable":true,"href":"https:\/\/isothermal.eco\/en\/wp-json\/wp\/v2\/users\/1"}],"replies":[{"embeddable":true,"href":"https:\/\/isothermal.eco\/en\/wp-json\/wp\/v2\/comments?post=1762"}],"version-history":[{"count":1,"href":"https:\/\/isothermal.eco\/en\/wp-json\/wp\/v2\/pages\/1762\/revisions"}],"predecessor-version":[{"id":1796,"href":"https:\/\/isothermal.eco\/en\/wp-json\/wp\/v2\/pages\/1762\/revisions\/1796"}],"wp:attachment":[{"href":"https:\/\/isothermal.eco\/en\/wp-json\/wp\/v2\/media?parent=1762"}],"curies":[{"name":"wp","href":"https:\/\/api.w.org\/{rel}","templated":true}]}}