{"id":1761,"date":"2026-04-14T17:53:47","date_gmt":"2026-04-14T17:53:47","guid":{"rendered":"https:\/\/isothermal.eco\/aquatec\/"},"modified":"2026-04-14T18:12:48","modified_gmt":"2026-04-14T18:12:48","slug":"aquatec","status":"publish","type":"page","link":"https:\/\/isothermal.eco\/en\/aquatec\/","title":{"rendered":"Aquatec VFL"},"content":{"rendered":"<h2>AQUATEC VFL &#8211; Plantas de Tratamiento de Aguas Residuales<\/h2>\n<p>AQUATEC VFL ofrece plantas de tratamiento de aguas residuales con tecnolog\u00eda patentada VFL (Vertical Flow Labyrinth) \u2014 la soluci\u00f3n m\u00e1s eficiente para proyectos sin acceso a red de alcantarillado en Panam\u00e1 y Centroam\u00e9rica.<\/p>\n<h3>\u00bfPor qu\u00e9 AQUATEC VFL?<\/h3>\n<ul>\n<li><strong>97% eliminaci\u00f3n de contaminantes<\/strong> \u2014 Certificado EN 12566-3 por PIA Aachen, Alemania<\/li>\n<li><strong>Instalaci\u00f3n en 1 d\u00eda<\/strong> \u2014 Sin obras de hormig\u00f3n<\/li>\n<li><strong>Costo operativo: ~$10\/mes<\/strong> \u2014 Solo electricidad (230V)<\/li>\n<li><strong>Garant\u00eda 10 a\u00f1os<\/strong> de estanqueidad + 100% devoluci\u00f3n<\/li>\n<li><strong>Control remoto GSM<\/strong> \u2014 Monitoreo desde el celular<\/li>\n<li><strong>Agua tratada reutilizable<\/strong> para riego (m\u00f3dulo ATF\/ATFUV)<\/li>\n<\/ul>\n<h3>Modelos Disponibles<\/h3>\n<ul>\n<li><strong>AT (Est\u00e1ndar):<\/strong> 2-20 personas \u2014 calibraci\u00f3n manual<\/li>\n<li><strong>AT PLUS (Autom\u00e1tico):<\/strong> 2-20 personas \u2014 control GSM autom\u00e1tico<\/li>\n<li><strong>AT MBBR (Biorreactor):<\/strong> 4-20 personas \u2014 m\u00e1xima eficiencia<\/li>\n<li><strong>OVAL (Mediano):<\/strong> 30-250 personas equivalentes<\/li>\n<li><strong>OVAL MAXI (Municipal):<\/strong> 300-2,000+ personas equivalentes<\/li>\n<\/ul>\n<h3>Rendimiento Certificado (PIA Aachen, Alemania)<\/h3>\n<ul>\n<li>DBO5: 98.2% eliminado (7 mg\/l)<\/li>\n<li>NH4-N: 99.5% eliminado (0.2 mg\/l)<\/li>\n<li>S\u00f3lidos Suspendidos: 97.2% eliminado (12 mg\/l)<\/li>\n<\/ul>\n<h3>Aplicaciones<\/h3>\n<ul>\n<li>Residencias y fincas sin alcantarillado<\/li>\n<li>Hoteles y alojamientos tur\u00edsticos<\/li>\n<li>Restaurantes y establecimientos comerciales<\/li>\n<li>Desarrollos habitacionales<\/li>\n<li>Municipios rurales y comunidades<\/li>\n<li>Industria y agroindustria<\/li>\n<\/ul>\n<h3>Certificaciones<\/h3>\n<ul>\n<li>CE \u2014 Marca de Conformidad Europea<\/li>\n<li>EN 12566-3 \u2014 Norma europea de plantas PTAR<\/li>\n<li>ISO 9001 \u2014 Gesti\u00f3n de calidad<\/li>\n<li>ISO 14001 \u2014 Gesti\u00f3n ambiental<\/li>\n<li>Probado en 30+ pa\u00edses worldwide<\/li>\n<\/ul>\n<p><\/p>\n<hr>\n<h3>Galer\u00eda<\/h3>\n\n\t\t<style type=\"text\/css\">\n\t\t\t#gallery-1 {\n\t\t\t\tmargin: auto;\n\t\t\t}\n\t\t\t#gallery-1 .gallery-item {\n\t\t\t\tfloat: left;\n\t\t\t\tmargin-top: 10px;\n\t\t\t\ttext-align: center;\n\t\t\t\twidth: 33%;\n\t\t\t}\n\t\t\t#gallery-1 img {\n\t\t\t\tborder: 2px solid #cfcfcf;\n\t\t\t}\n\t\t\t#gallery-1 .gallery-caption {\n\t\t\t\tmargin-left: 0;\n\t\t\t}\n\t\t\t\/* see gallery_shortcode() in wp-includes\/media.php *\/\n\t\t<\/style>\n\t\t<div id='gallery-1' class='gallery galleryid-1761 gallery-columns-3 gallery-size-large'><dl class='gallery-item'>\n\t\t\t<dt class='gallery-icon landscape'>\n\t\t\t\t<a href='https:\/\/isothermal.eco\/wp-content\/uploads\/2026\/04\/aquatec_01.jpg'><img loading=\"lazy\" decoding=\"async\" width=\"1024\" height=\"768\" src=\"https:\/\/isothermal.eco\/wp-content\/uploads\/2026\/04\/aquatec_01-1024x768.jpg\" class=\"attachment-large size-large\" alt=\"\" srcset=\"https:\/\/isothermal.eco\/wp-content\/uploads\/2026\/04\/aquatec_01-980x735.jpg 980w, https:\/\/isothermal.eco\/wp-content\/uploads\/2026\/04\/aquatec_01-480x360.jpg 480w\" sizes=\"auto, (min-width: 0px) and (max-width: 480px) 480px, (min-width: 481px) and (max-width: 980px) 980px, (min-width: 981px) 1024px, 100vw\" \/><\/a>\n\t\t\t<\/dt><\/dl><dl class='gallery-item'>\n\t\t\t<dt class='gallery-icon landscape'>\n\t\t\t\t<a href='https:\/\/isothermal.eco\/wp-content\/uploads\/2026\/04\/aquatec_02.jpg'><img loading=\"lazy\" decoding=\"async\" width=\"1024\" height=\"597\" src=\"https:\/\/isothermal.eco\/wp-content\/uploads\/2026\/04\/aquatec_02-1024x597.jpg\" class=\"attachment-large size-large\" alt=\"\" srcset=\"https:\/\/isothermal.eco\/wp-content\/uploads\/2026\/04\/aquatec_02-1024x597.jpg 1024w, https:\/\/isothermal.eco\/wp-content\/uploads\/2026\/04\/aquatec_02-980x571.jpg 980w, https:\/\/isothermal.eco\/wp-content\/uploads\/2026\/04\/aquatec_02-480x280.jpg 480w\" sizes=\"auto, (min-width: 0px) and (max-width: 480px) 480px, (min-width: 481px) and (max-width: 980px) 980px, (min-width: 981px) 1024px, 100vw\" \/><\/a>\n\t\t\t<\/dt><\/dl><dl class='gallery-item'>\n\t\t\t<dt class='gallery-icon landscape'>\n\t\t\t\t<a href='https:\/\/isothermal.eco\/wp-content\/uploads\/2026\/04\/aquatec_03.jpg'><img loading=\"lazy\" decoding=\"async\" width=\"1024\" height=\"597\" src=\"https:\/\/isothermal.eco\/wp-content\/uploads\/2026\/04\/aquatec_03-1024x597.jpg\" class=\"attachment-large size-large\" alt=\"\" srcset=\"https:\/\/isothermal.eco\/wp-content\/uploads\/2026\/04\/aquatec_03-980x572.jpg 980w, https:\/\/isothermal.eco\/wp-content\/uploads\/2026\/04\/aquatec_03-480x280.jpg 480w\" sizes=\"auto, (min-width: 0px) and (max-width: 480px) 480px, (min-width: 481px) and (max-width: 980px) 980px, (min-width: 981px) 1024px, 100vw\" \/><\/a>\n\t\t\t<\/dt><\/dl><br style=\"clear: both\" \/><dl class='gallery-item'>\n\t\t\t<dt class='gallery-icon landscape'>\n\t\t\t\t<a href='https:\/\/isothermal.eco\/wp-content\/uploads\/2026\/04\/aquatec_04.jpg'><img loading=\"lazy\" decoding=\"async\" width=\"1024\" height=\"683\" src=\"https:\/\/isothermal.eco\/wp-content\/uploads\/2026\/04\/aquatec_04-1024x683.jpg\" class=\"attachment-large size-large\" alt=\"\" srcset=\"https:\/\/isothermal.eco\/wp-content\/uploads\/2026\/04\/aquatec_04-980x653.jpg 980w, https:\/\/isothermal.eco\/wp-content\/uploads\/2026\/04\/aquatec_04-480x320.jpg 480w\" sizes=\"auto, (min-width: 0px) and (max-width: 480px) 480px, (min-width: 481px) and (max-width: 980px) 980px, (min-width: 981px) 1024px, 100vw\" \/><\/a>\n\t\t\t<\/dt><\/dl><dl class='gallery-item'>\n\t\t\t<dt class='gallery-icon landscape'>\n\t\t\t\t<a href='https:\/\/isothermal.eco\/wp-content\/uploads\/2026\/04\/aquatec_05.jpg'><img loading=\"lazy\" decoding=\"async\" width=\"782\" height=\"340\" src=\"https:\/\/isothermal.eco\/wp-content\/uploads\/2026\/04\/aquatec_05.jpg\" class=\"attachment-large size-large\" alt=\"\" srcset=\"https:\/\/isothermal.eco\/wp-content\/uploads\/2026\/04\/aquatec_05.jpg 782w, https:\/\/isothermal.eco\/wp-content\/uploads\/2026\/04\/aquatec_05-480x209.jpg 480w\" sizes=\"auto, (min-width: 0px) and (max-width: 480px) 480px, (min-width: 481px) 782px, 100vw\" \/><\/a>\n\t\t\t<\/dt><\/dl><dl class='gallery-item'>\n\t\t\t<dt class='gallery-icon landscape'>\n\t\t\t\t<a href='https:\/\/isothermal.eco\/wp-content\/uploads\/2026\/04\/aquatec_06.jpg'><img loading=\"lazy\" decoding=\"async\" width=\"1024\" height=\"683\" src=\"https:\/\/isothermal.eco\/wp-content\/uploads\/2026\/04\/aquatec_06-1024x683.jpg\" class=\"attachment-large size-large\" alt=\"\" srcset=\"https:\/\/isothermal.eco\/wp-content\/uploads\/2026\/04\/aquatec_06-980x653.jpg 980w, https:\/\/isothermal.eco\/wp-content\/uploads\/2026\/04\/aquatec_06-480x320.jpg 480w\" sizes=\"auto, (min-width: 0px) and (max-width: 480px) 480px, (min-width: 481px) and (max-width: 980px) 980px, (min-width: 981px) 1024px, 100vw\" \/><\/a>\n\t\t\t<\/dt><\/dl><br style=\"clear: both\" \/><dl class='gallery-item'>\n\t\t\t<dt class='gallery-icon portrait'>\n\t\t\t\t<a href='https:\/\/isothermal.eco\/wp-content\/uploads\/2026\/04\/aquatec_aquatec_sk_01.jpg'><img loading=\"lazy\" decoding=\"async\" width=\"350\" height=\"423\" src=\"https:\/\/isothermal.eco\/wp-content\/uploads\/2026\/04\/aquatec_aquatec_sk_01.jpg\" class=\"attachment-large size-large\" alt=\"\" srcset=\"https:\/\/isothermal.eco\/wp-content\/uploads\/2026\/04\/aquatec_aquatec_sk_01.jpg 350w, https:\/\/isothermal.eco\/wp-content\/uploads\/2026\/04\/aquatec_aquatec_sk_01-248x300.jpg 248w, https:\/\/isothermal.eco\/wp-content\/uploads\/2026\/04\/aquatec_aquatec_sk_01-10x12.jpg 10w, https:\/\/isothermal.eco\/wp-content\/uploads\/2026\/04\/aquatec_aquatec_sk_01-300x363.jpg 300w\" sizes=\"auto, (max-width: 350px) 100vw, 350px\" \/><\/a>\n\t\t\t<\/dt><\/dl><dl class='gallery-item'>\n\t\t\t<dt class='gallery-icon landscape'>\n\t\t\t\t<a href='https:\/\/isothermal.eco\/wp-content\/uploads\/2026\/04\/aquatec_aquatec_sk_02.jpg'><img loading=\"lazy\" decoding=\"async\" width=\"1000\" height=\"394\" src=\"https:\/\/isothermal.eco\/wp-content\/uploads\/2026\/04\/aquatec_aquatec_sk_02.jpg\" class=\"attachment-large size-large\" alt=\"\" srcset=\"https:\/\/isothermal.eco\/wp-content\/uploads\/2026\/04\/aquatec_aquatec_sk_02.jpg 1000w, https:\/\/isothermal.eco\/wp-content\/uploads\/2026\/04\/aquatec_aquatec_sk_02-980x386.jpg 980w, https:\/\/isothermal.eco\/wp-content\/uploads\/2026\/04\/aquatec_aquatec_sk_02-480x189.jpg 480w\" sizes=\"auto, (min-width: 0px) and (max-width: 480px) 480px, (min-width: 481px) and (max-width: 980px) 980px, (min-width: 981px) 1000px, 100vw\" \/><\/a>\n\t\t\t<\/dt><\/dl>\n\t\t\t<br style='clear: both' \/>\n\t\t<\/div>\n\n<h3>Contacto<\/h3>\n<p><strong>Isothermal Innovations INC.<\/strong><br \/>\nEmail: <a href=\"mailto:panama@isothermal.eco\">panama@isothermal.eco<\/a><br \/>\nTel\u00e9fono: +507 6410-4364<br \/>\nWeb: <a href=\"https:\/\/isothermal.eco\/en\/agua\/\">isothermal.eco<\/a><\/p>","protected":false},"excerpt":{"rendered":"<p>AQUATEC VFL &#8211; Plantas de Tratamiento de Aguas Residuales AQUATEC VFL ofrece plantas de tratamiento de aguas residuales con tecnolog\u00eda patentada VFL (Vertical Flow Labyrinth) \u2014 la soluci\u00f3n m\u00e1s eficiente para proyectos sin acceso a red de alcantarillado en Panam\u00e1 y Centroam\u00e9rica. \u00bfPor qu\u00e9 AQUATEC VFL? 97% eliminaci\u00f3n de contaminantes \u2014 Certificado EN 12566-3 por [&hellip;]<\/p>","protected":false},"author":1,"featured_media":0,"parent":0,"menu_order":0,"comment_status":"closed","ping_status":"closed","template":"","meta":{"_et_pb_use_builder":"","_et_pb_old_content":"","_et_gb_content_width":"","footnotes":""},"class_list":["post-1761","page","type-page","status-publish","hentry"],"_links":{"self":[{"href":"https:\/\/isothermal.eco\/en\/wp-json\/wp\/v2\/pages\/1761","targetHints":{"allow":["GET"]}}],"collection":[{"href":"https:\/\/isothermal.eco\/en\/wp-json\/wp\/v2\/pages"}],"about":[{"href":"https:\/\/isothermal.eco\/en\/wp-json\/wp\/v2\/types\/page"}],"author":[{"embeddable":true,"href":"https:\/\/isothermal.eco\/en\/wp-json\/wp\/v2\/users\/1"}],"replies":[{"embeddable":true,"href":"https:\/\/isothermal.eco\/en\/wp-json\/wp\/v2\/comments?post=1761"}],"version-history":[{"count":1,"href":"https:\/\/isothermal.eco\/en\/wp-json\/wp\/v2\/pages\/1761\/revisions"}],"predecessor-version":[{"id":1775,"href":"https:\/\/isothermal.eco\/en\/wp-json\/wp\/v2\/pages\/1761\/revisions\/1775"}],"wp:attachment":[{"href":"https:\/\/isothermal.eco\/en\/wp-json\/wp\/v2\/media?parent=1761"}],"curies":[{"name":"wp","href":"https:\/\/api.w.org\/{rel}","templated":true}]}}