{"id":1303,"date":"2025-04-12T05:39:59","date_gmt":"2025-04-12T05:39:59","guid":{"rendered":"https:\/\/isothermal.eco\/?page_id=1303"},"modified":"2025-07-20T21:25:08","modified_gmt":"2025-07-20T21:25:08","slug":"detect-air","status":"publish","type":"page","link":"https:\/\/isothermal.eco\/en\/detect-air\/","title":{"rendered":"Detect Air"},"content":{"rendered":"<p>[et_pb_section fb_built=\u00bb1&#8243; admin_label=\u00bbHeader\u00bb _builder_version=\u00bb4.25.1&#8243; _module_preset=\u00bbdefault\u00bb use_background_color_gradient=\u00bbon\u00bb background_color_gradient_stops=\u00bb#2e363c 0%|rgba(46,54,60,0.85) 0%\u00bb background_color_gradient_overlays_image=\u00bbon\u00bb background_image=\u00bbhttps:\/\/isothermal.eco\/wp-content\/uploads\/2025\/04\/07.jpeg\u00bb custom_padding=\u00bb0px||||false|false\u00bb collapsed=\u00bbon\u00bb global_colors_info=\u00bb{}\u00bb][et_pb_row column_structure=\u00bb2_3,1_3&#8243; _builder_version=\u00bb4.19.2&#8243; _module_preset=\u00bbdefault\u00bb custom_padding=\u00bb0px||0px||true|false\u00bb global_colors_info=\u00bb{}\u00bb][et_pb_column type=\u00bb2_3&#8243; _builder_version=\u00bb4.19.2&#8243; _module_preset=\u00bbdefault\u00bb custom_padding=\u00bb8vw||||false|false\u00bb custom_padding_tablet=\u00bb||||false|false\u00bb custom_padding_last_edited=\u00bboff|tablet\u00bb global_colors_info=\u00bb{}\u00bb][et_pb_image src=\u00bbhttps:\/\/isothermal.eco\/wp-content\/uploads\/2025\/04\/logo_detect_5d2377af98b1a.png\u00bb alt=\u00bblogo-detectair\u00bb title_text=\u00bblogo_detect_5d2377af98b1a\u00bb _builder_version=\u00bb4.25.1&#8243; _module_preset=\u00bbdefault\u00bb global_colors_info=\u00bb{}\u00bb][\/et_pb_image][\/et_pb_column][et_pb_column type=\u00bb1_3&#8243; _builder_version=\u00bb4.19.2&#8243; _module_preset=\u00bbdefault\u00bb global_colors_info=\u00bb{}\u00bb][et_pb_image src=\u00bbhttps:\/\/isothermal.eco\/wp-content\/uploads\/2025\/04\/civil-engineering-29.png\u00bb title_text=\u00bbcivil-engineering-29&#8243; align=\u00bbright\u00bb _builder_version=\u00bb4.19.2&#8243; _module_preset=\u00bbdefault\u00bb width=\u00bb70%\u00bb width_tablet=\u00bb100%\u00bb width_phone=\u00bb100%\u00bb width_last_edited=\u00bbon|tablet\u00bb max_height_tablet=\u00bb100px\u00bb max_height_phone=\u00bb100px\u00bb max_height_last_edited=\u00bbon|tablet\u00bb custom_margin=\u00bb|||50%|false|false\u00bb custom_margin_tablet=\u00bb|||0%|false|false\u00bb custom_margin_phone=\u00bb|||0%|false|false\u00bb custom_margin_last_edited=\u00bbon|tablet\u00bb global_colors_info=\u00bb{}\u00bb][\/et_pb_image][\/et_pb_column][\/et_pb_row][et_pb_row column_structure=\u00bb1_2,1_2&#8243; _builder_version=\u00bb4.19.2&#8243; _module_preset=\u00bbdefault\u00bb global_colors_info=\u00bb{}\u00bb][et_pb_column type=\u00bb1_2&#8243; _builder_version=\u00bb4.19.2&#8243; _module_preset=\u00bbdefault\u00bb global_colors_info=\u00bb{}\u00bb][\/et_pb_column][et_pb_column type=\u00bb1_2&#8243; _builder_version=\u00bb4.19.2&#8243; _module_preset=\u00bbdefault\u00bb global_colors_info=\u00bb{}\u00bb][et_pb_image src=\u00bbhttps:\/\/isothermal.eco\/wp-content\/uploads\/2025\/04\/civil-engineering-4.png\u00bb title_text=\u00bbcivil-engineering-4&#8243; _builder_version=\u00bb4.19.2&#8243; _module_preset=\u00bbdefault\u00bb width=\u00bb20%\u00bb global_colors_info=\u00bb{}\u00bb][\/et_pb_image][\/et_pb_column][\/et_pb_row][\/et_pb_section][et_pb_section fb_built=\u00bb1&#8243; admin_label=\u00bbAbout\u00bb _builder_version=\u00bb4.19.2&#8243; _module_preset=\u00bbdefault\u00bb custom_padding=\u00bb0px||||false|false\u00bb collapsed=\u00bbon\u00bb global_colors_info=\u00bb{}\u00bb][et_pb_row column_structure=\u00bb1_2,1_2&#8243; use_custom_gutter=\u00bbon\u00bb gutter_width=\u00bb1&#8243; make_equal=\u00bbon\u00bb _builder_version=\u00bb4.19.2&#8243; _module_preset=\u00bbdefault\u00bb custom_padding=\u00bb0px||||false|false\u00bb global_colors_info=\u00bb{}\u00bb][et_pb_column type=\u00bb1_2&#8243; _builder_version=\u00bb4.19.2&#8243; _module_preset=\u00bbdefault\u00bb global_colors_info=\u00bb{}\u00bb][et_pb_image src=\u00bbhttps:\/\/isothermal.eco\/wp-content\/uploads\/2025\/04\/civil-engineering-30.png\u00bb title_text=\u00bbcivil-engineering-30&#8243; _builder_version=\u00bb4.19.2&#8243; _module_preset=\u00bbdefault\u00bb width=\u00bb50%\u00bb custom_margin=\u00bb-20%||||false|false\u00bb global_colors_info=\u00bb{}\u00bb][\/et_pb_image][\/et_pb_column][et_pb_column type=\u00bb1_2&#8243; _builder_version=\u00bb4.19.2&#8243; _module_preset=\u00bbdefault\u00bb background_color=\u00bb#CBCECF\u00bb custom_padding=\u00bb60px|30px|60px|60px|true|false\u00bb custom_padding_tablet=\u00bb30px|30px|30px|30px|true|true\u00bb custom_padding_phone=\u00bb20px|20px|20px|20px|true|true\u00bb custom_padding_last_edited=\u00bbon|desktop\u00bb global_colors_info=\u00bb{}\u00bb][et_pb_text _builder_version=\u00bb4.25.1&#8243; _module_preset=\u00bbe23582fe-0ba7-43f8-81ec-2cef67536b2c\u00bb global_colors_info=\u00bb{}\u00bb]<\/p>\n<h4>HYDROfogg\u00ae de Detectair Technologies aporta una soluci\u00f3n innovadora para un entorno saludable y seguro.<\/h4>\n<h4>Nuestra tecnolog\u00eda de niebla seca en aerosol elimina eficazmente los agentes pat\u00f3genos y eleva los niveles de higiene.<\/h4>\n<p>[\/et_pb_text][\/et_pb_column][\/et_pb_row][et_pb_row column_structure=\u00bb1_3,1_3,1_3&#8243; _builder_version=\u00bb4.25.1&#8243; _module_preset=\u00bbdefault\u00bb global_colors_info=\u00bb{}\u00bb][et_pb_column type=\u00bb1_3&#8243; _builder_version=\u00bb4.25.1&#8243; _module_preset=\u00bbdefault\u00bb global_colors_info=\u00bb{}\u00bb][et_pb_image src=\u00bbhttps:\/\/isothermal.eco\/wp-content\/uploads\/2025\/04\/1es.png\u00bb title_text=\u00bb1es\u00bb _builder_version=\u00bb4.25.1&#8243; _module_preset=\u00bbdefault\u00bb global_colors_info=\u00bb{}\u00bb][\/et_pb_image][\/et_pb_column][et_pb_column type=\u00bb1_3&#8243; _builder_version=\u00bb4.25.1&#8243; _module_preset=\u00bbdefault\u00bb global_colors_info=\u00bb{}\u00bb][et_pb_image src=\u00bbhttps:\/\/isothermal.eco\/wp-content\/uploads\/2025\/04\/2es.png\u00bb title_text=\u00bb2es\u00bb _builder_version=\u00bb4.25.1&#8243; _module_preset=\u00bbdefault\u00bb global_colors_info=\u00bb{}\u00bb][\/et_pb_image][\/et_pb_column][et_pb_column type=\u00bb1_3&#8243; _builder_version=\u00bb4.25.1&#8243; _module_preset=\u00bbdefault\u00bb global_colors_info=\u00bb{}\u00bb][et_pb_image src=\u00bbhttps:\/\/isothermal.eco\/wp-content\/uploads\/2025\/04\/3es.png\u00bb title_text=\u00bb3es\u00bb _builder_version=\u00bb4.25.1&#8243; _module_preset=\u00bbdefault\u00bb global_colors_info=\u00bb{}\u00bb][\/et_pb_image][\/et_pb_column][\/et_pb_row][\/et_pb_section][et_pb_section fb_built=\u00bb1&#8243; admin_label=\u00bbProject\u00bb _builder_version=\u00bb4.19.2&#8243; _module_preset=\u00bbdefault\u00bb collapsed=\u00bbon\u00bb global_colors_info=\u00bb{}\u00bb][et_pb_row column_structure=\u00bb1_2,1_2&#8243; _builder_version=\u00bb4.19.2&#8243; _module_preset=\u00bbdefault\u00bb global_colors_info=\u00bb{}\u00bb][et_pb_column type=\u00bb1_2&#8243; _builder_version=\u00bb4.19.2&#8243; _module_preset=\u00bbdefault\u00bb global_colors_info=\u00bb{}\u00bb][et_pb_text _builder_version=\u00bb4.25.1&#8243; _module_preset=\u00bbcadc4a27-23ee-4272-9e39-12791342cb95&#8243; global_colors_info=\u00bb{}\u00bb]<\/p>\n<h2>HYDROfogg\u00ae od Tecnolog\u00edas Detectair<\/h2>\n<p>[\/et_pb_text][et_pb_text _builder_version=\u00bb4.25.1&#8243; _module_preset=\u00bbe23582fe-0ba7-43f8-81ec-2cef67536b2c\u00bb global_colors_info=\u00bb{}\u00bb]<\/p>\n<h6>El revolucionario m\u00e9todo de nebulizaci\u00f3n en aerosol seco proporciona una protecci\u00f3n invisible pero potente contra el moho, las bacterias y los virus que se esconden en nuestro entorno.<\/h6>\n<h6>HYDROfogg\u00ae es un dispositivo tecnol\u00f3gico certificado que, de acuerdo con la legislaci\u00f3n vigente, recomendamos como complemento eficaz para la prestaci\u00f3n superior de un r\u00e9gimen higi\u00e9nico-epidemiol\u00f3gico adecuado, tanto en espacios cerrados como abiertos.<\/h6>\n<h6>Con HYDROfogg\u00ae obtendr\u00e1 la protecci\u00f3n m\u00e1s eficaz contra el peligro silencioso que suponen los microorganismos nocivos, garantizando un entorno saludable y sin preocupaciones.<\/h6>\n<p>[\/et_pb_text][et_pb_text _builder_version=\u00bb4.25.1&#8243; _module_preset=\u00bbcadc4a27-23ee-4272-9e39-12791342cb95&#8243; global_colors_info=\u00bb{}\u00bb]<\/p>\n<h2>Uso en sectores individuales<\/h2>\n<p>[\/et_pb_text][et_pb_text _builder_version=\u00bb4.25.1&#8243; _module_preset=\u00bbe23582fe-0ba7-43f8-81ec-2cef67536b2c\u00bb global_colors_info=\u00bb{}\u00bb]<\/p>\n<h6><span>Gracias a su avanzada tecnolog\u00eda, HYDROfogg\u00ae contribuye a crear entornos m\u00e1s seguros, limpios y saludables sin concesiones, en diversos \u00e1mbitos y con una amplia gama de enfoques. Esta soluci\u00f3n avanzada ofrece un importante potencial no s\u00f3lo en el sector sanitario, sino tambi\u00e9n en diversas industrias en las que es importante mantener altos niveles de limpieza y seguridad.<\/span><\/h6>\n<p>[\/et_pb_text][\/et_pb_column][et_pb_column type=\u00bb1_2&#8243; _builder_version=\u00bb4.19.2&#8243; _module_preset=\u00bbdefault\u00bb global_colors_info=\u00bb{}\u00bb][et_pb_image src=\u00bbhttps:\/\/isothermal.eco\/wp-content\/uploads\/2025\/04\/Hydrofogg.pdf-e1719519737120-1020&#215;1536-1.png\u00bb title_text=\u00bbHydrofogg.pdf-e1719519737120-1020&#215;1536&#8243; _builder_version=\u00bb4.25.1&#8243; _module_preset=\u00bbdefault\u00bb width=\u00bb82%\u00bb custom_margin=\u00bb|-10vw|0px||false|false\u00bb custom_margin_tablet=\u00bb|0vw|0px||false|false\u00bb custom_margin_phone=\u00bb|0vw|0px||false|false\u00bb custom_margin_last_edited=\u00bbon|tablet\u00bb global_colors_info=\u00bb{}\u00bb][\/et_pb_image][et_pb_image src=\u00bbhttps:\/\/isothermal.eco\/wp-content\/uploads\/2025\/04\/civil-engineering-32.png\u00bb title_text=\u00bbcivil-engineering-32&#8243; _builder_version=\u00bb4.19.2&#8243; _module_preset=\u00bbdefault\u00bb positioning=\u00bbabsolute\u00bb position_origin_a=\u00bbtop_right\u00bb width=\u00bb50%\u00bb custom_margin=\u00bb|-10vw|||false|false\u00bb custom_margin_tablet=\u00bb|0vw|||false|false\u00bb custom_margin_phone=\u00bb|0vw|||false|false\u00bb custom_margin_last_edited=\u00bbon|tablet\u00bb global_colors_info=\u00bb{}\u00bb][\/et_pb_image][et_pb_image src=\u00bbhttps:\/\/isothermal.eco\/wp-content\/uploads\/2025\/04\/civil-engineering-31.png\u00bb title_text=\u00bbcivil-engineering-31&#8243; _builder_version=\u00bb4.25.1&#8243; _module_preset=\u00bbdefault\u00bb width=\u00bb51%\u00bb custom_margin=\u00bb-33%|||-26%|false|false\u00bb global_colors_info=\u00bb{}\u00bb][\/et_pb_image][\/et_pb_column][\/et_pb_row][et_pb_row column_structure=\u00bb1_3,1_3,1_3&#8243; _builder_version=\u00bb4.19.2&#8243; _module_preset=\u00bbdefault\u00bb global_colors_info=\u00bb{}\u00bb][et_pb_column type=\u00bb1_3&#8243; _builder_version=\u00bb4.19.2&#8243; _module_preset=\u00bbdefault\u00bb global_colors_info=\u00bb{}\u00bb][et_pb_image src=\u00bbhttps:\/\/isothermal.eco\/wp-content\/uploads\/2025\/04\/5-2-1-scaled-1.jpg\u00bb title_text=\u00bb5-2-1-scaled\u00bb _builder_version=\u00bb4.25.1&#8243; _module_preset=\u00bbdefault\u00bb global_colors_info=\u00bb{}\u00bb][\/et_pb_image][et_pb_text _builder_version=\u00bb4.25.1&#8243; _module_preset=\u00bbe23582fe-0ba7-43f8-81ec-2cef67536b2c\u00bb global_colors_info=\u00bb{}\u00bb]<\/p>\n<h6><span>DETECTAIR TECHNOLOGIES HYDROFOGG\u00ae Y SU APLICACI\u00d3N EN SANIDAD<\/span><\/h6>\n<p>[\/et_pb_text][\/et_pb_column][et_pb_column type=\u00bb1_3&#8243; _builder_version=\u00bb4.19.2&#8243; _module_preset=\u00bbdefault\u00bb global_colors_info=\u00bb{}\u00bb][et_pb_image src=\u00bbhttps:\/\/isothermal.eco\/wp-content\/uploads\/2025\/04\/4-2-1-scaled-1.jpg\u00bb title_text=\u00bb4-2-1-scaled\u00bb _builder_version=\u00bb4.25.1&#8243; _module_preset=\u00bbdefault\u00bb global_colors_info=\u00bb{}\u00bb][\/et_pb_image][et_pb_text _builder_version=\u00bb4.25.1&#8243; _module_preset=\u00bbe23582fe-0ba7-43f8-81ec-2cef67536b2c\u00bb global_colors_info=\u00bb{}\u00bb]<\/p>\n<h6><span>ENTORNO DE DESINFECCI\u00d3N EN NAVES AV\u00cdCOLAS Y AGROINDUSTRIAS<\/span><\/h6>\n<p>[\/et_pb_text][\/et_pb_column][et_pb_column type=\u00bb1_3&#8243; _builder_version=\u00bb4.19.2&#8243; _module_preset=\u00bbdefault\u00bb global_colors_info=\u00bb{}\u00bb][et_pb_image src=\u00bbhttps:\/\/isothermal.eco\/wp-content\/uploads\/2025\/04\/Dizajn-bez-nazvu.jpg\u00bb title_text=\u00bbDizajn-bez-nazvu\u00bb _builder_version=\u00bb4.25.1&#8243; _module_preset=\u00bbdefault\u00bb global_colors_info=\u00bb{}\u00bb][\/et_pb_image][et_pb_text _builder_version=\u00bb4.25.1&#8243; _module_preset=\u00bbe23582fe-0ba7-43f8-81ec-2cef67536b2c\u00bb global_colors_info=\u00bb{}\u00bb]<\/p>\n<h6><span>SISTEMA DE HUMIDIFICACI\u00d3N INTEGRADO BASADO EN EL PRINCIPIO \u00abINTELIGENTE NIEBLA SECA PARA LA INDUSTRIA AUTOMOVIL\u00cdSTICA Y EL\u00c9CTRICA<\/span><\/h6>\n<p>[\/et_pb_text][\/et_pb_column][\/et_pb_row][\/et_pb_section][et_pb_section fb_built=\u00bb1&#8243; admin_label=\u00bbProjects\u00bb _builder_version=\u00bb4.19.2&#8243; _module_preset=\u00bbdefault\u00bb background_color=\u00bb#7F7F7F\u00bb locked=\u00bboff\u00bb collapsed=\u00bbon\u00bb global_colors_info=\u00bb{}\u00bb][et_pb_row _builder_version=\u00bb4.19.2&#8243; _module_preset=\u00bbdefault\u00bb positioning=\u00bbabsolute\u00bb position_origin_a=\u00bbtop_right\u00bb custom_padding=\u00bb0px||0px||true|false\u00bb global_colors_info=\u00bb{}\u00bb][et_pb_column type=\u00bb4_4&#8243; _builder_version=\u00bb4.19.2&#8243; _module_preset=\u00bbdefault\u00bb global_colors_info=\u00bb{}\u00bb][et_pb_image src=\u00bbhttps:\/\/isothermal.eco\/wp-content\/uploads\/2025\/04\/civil-engineering-33.png\u00bb title_text=\u00bbcivil-engineering-33&#8243; align=\u00bbright\u00bb _builder_version=\u00bb4.19.2&#8243; _module_preset=\u00bbdefault\u00bb transform_translate=\u00bb0px|-69%\u00bb transform_translate_linked=\u00bboff\u00bb width=\u00bb20%\u00bb global_colors_info=\u00bb{}\u00bb][\/et_pb_image][\/et_pb_column][\/et_pb_row][et_pb_row _builder_version=\u00bb4.19.2&#8243; _module_preset=\u00bbdefault\u00bb global_colors_info=\u00bb{}\u00bb][et_pb_column type=\u00bb4_4&#8243; _builder_version=\u00bb4.19.2&#8243; _module_preset=\u00bbdefault\u00bb global_colors_info=\u00bb{}\u00bb][et_pb_text _builder_version=\u00bb4.25.1&#8243; _module_preset=\u00bbcadc4a27-23ee-4272-9e39-12791342cb95&#8243; header_2_text_color=\u00bb#FFFFFF\u00bb text_orientation=\u00bbcenter\u00bb global_colors_info=\u00bb{}\u00bb]<\/p>\n<h2>Protecci\u00f3n medioambiental revolucionaria con la tecnolog\u00eda patentada HYDROfogg\u00ae<\/h2>\n<p>[\/et_pb_text][et_pb_text _builder_version=\u00bb4.25.1&#8243; _module_preset=\u00bbe23582fe-0ba7-43f8-81ec-2cef67536b2c\u00bb text_text_color=\u00bb#FFFFFF\u00bb global_colors_info=\u00bb{}\u00bb]<\/p>\n<ul>\n<li>Tecnolog\u00eda \u00fanica protegida por la patente PUV 153-2021, n\u00famero 9561.<\/li>\n<li>Certificaci\u00f3n CE (certificado CE) n\u00famero:231299030<\/li>\n<li>Efectos certificados para descontaminaci\u00f3n de locales n\u00famero de orden 302324\/027<\/li>\n<\/ul>\n<p>[\/et_pb_text][\/et_pb_column][\/et_pb_row][et_pb_row column_structure=\u00bb1_2,1_2&#8243; _builder_version=\u00bb4.19.2&#8243; _module_preset=\u00bbdefault\u00bb global_colors_info=\u00bb{}\u00bb][et_pb_column type=\u00bb1_2&#8243; _builder_version=\u00bb4.19.2&#8243; _module_preset=\u00bbdefault\u00bb custom_padding_tablet=\u00bb||30px||false|false\u00bb custom_padding_phone=\u00bb||30px||false|false\u00bb custom_padding_last_edited=\u00bbon|tablet\u00bb global_colors_info=\u00bb{}\u00bb][et_pb_video src=\u00bbhttps:\/\/isothermal.eco\/wp-content\/uploads\/2025\/04\/VID-20250409-WA0000.mp4&#8243; _builder_version=\u00bb4.25.1&#8243; _module_preset=\u00bbdefault\u00bb global_colors_info=\u00bb{}\u00bb][\/et_pb_video][\/et_pb_column][et_pb_column type=\u00bb1_2&#8243; _builder_version=\u00bb4.19.2&#8243; _module_preset=\u00bbdefault\u00bb custom_padding_tablet=\u00bb||30px||false|false\u00bb custom_padding_phone=\u00bb||30px||false|false\u00bb custom_padding_last_edited=\u00bbon|tablet\u00bb global_colors_info=\u00bb{}\u00bb][et_pb_video src=\u00bbhttps:\/\/isothermal.eco\/wp-content\/uploads\/2025\/04\/VID-20250409-WA0001.mp4&#8243; _builder_version=\u00bb4.25.1&#8243; _module_preset=\u00bbdefault\u00bb global_colors_info=\u00bb{}\u00bb][\/et_pb_video][\/et_pb_column][\/et_pb_row][\/et_pb_section]<\/p>","protected":false},"excerpt":{"rendered":"<p>HYDROfogg\u00ae de Detectair Technologies aporta una soluci\u00f3n innovadora para un entorno saludable y seguro. Nuestra tecnolog\u00eda de niebla seca en aerosol elimina eficazmente los agentes pat\u00f3genos y eleva los niveles de higiene.HYDROfogg\u00ae od Tecnolog\u00edas DetectairEl revolucionario m\u00e9todo de nebulizaci\u00f3n en aerosol seco proporciona una protecci\u00f3n invisible pero potente contra el moho, las bacterias y los [&hellip;]<\/p>","protected":false},"author":2,"featured_media":0,"parent":0,"menu_order":0,"comment_status":"closed","ping_status":"closed","template":"","meta":{"_et_pb_use_builder":"on","_et_pb_old_content":"","_et_gb_content_width":"","footnotes":""},"class_list":["post-1303","page","type-page","status-publish","hentry"],"_links":{"self":[{"href":"https:\/\/isothermal.eco\/en\/wp-json\/wp\/v2\/pages\/1303","targetHints":{"allow":["GET"]}}],"collection":[{"href":"https:\/\/isothermal.eco\/en\/wp-json\/wp\/v2\/pages"}],"about":[{"href":"https:\/\/isothermal.eco\/en\/wp-json\/wp\/v2\/types\/page"}],"author":[{"embeddable":true,"href":"https:\/\/isothermal.eco\/en\/wp-json\/wp\/v2\/users\/2"}],"replies":[{"embeddable":true,"href":"https:\/\/isothermal.eco\/en\/wp-json\/wp\/v2\/comments?post=1303"}],"version-history":[{"count":22,"href":"https:\/\/isothermal.eco\/en\/wp-json\/wp\/v2\/pages\/1303\/revisions"}],"predecessor-version":[{"id":1606,"href":"https:\/\/isothermal.eco\/en\/wp-json\/wp\/v2\/pages\/1303\/revisions\/1606"}],"wp:attachment":[{"href":"https:\/\/isothermal.eco\/en\/wp-json\/wp\/v2\/media?parent=1303"}],"curies":[{"name":"wp","href":"https:\/\/api.w.org\/{rel}","templated":true}]}}